{"id":10,"date":"2015-08-19T11:24:16","date_gmt":"2015-08-19T11:24:16","guid":{"rendered":"http:\/\/woodengift.ro\/?page_id=10"},"modified":"2022-02-21T02:33:20","modified_gmt":"2022-02-21T00:33:20","slug":"despre-noi","status":"publish","type":"page","link":"https:\/\/woodengift.ro\/?page_id=10","title":{"rendered":"Despre noi"},"content":{"rendered":"<section class=\"fw-main-row-custom fw-main-row-top fw-section-no-padding  auto  fw-section-position-back tf-sh-0ec4afe10ecc870644a9353f4a2940c3\">\n<div class=\"fw-container-fluid\">\n<div class=\"fw-row\">\n<div id=\"column-6212ddcf824f4\" class=\"fw-col-sm-12 tf-sh-2e922ba6a019036ea861a267008e78d8  fw-col-no-padding\">\n<div class=\"fw-wrap-col-inner clearfix  \">\n<div class=\"fw-col-inner\">\n<div id=\"rev_slider_6_1_wrapper\" class=\"rev_slider_wrapper fullwidthbanner-container\" data-alias=\"About-Us\" data-source=\"gallery\" style=\"margin:0px auto;background:transparent;padding:0px;margin-top:0px;margin-bottom:0px\">\n<!-- START REVOLUTION SLIDER 5.4.7.2 fullwidth mode --><\/p>\n<div id=\"rev_slider_6_1\" class=\"rev_slider fullwidthabanner\" data-version=\"5.4.7.2\">\n<ul>\t<!-- SLIDE  --><\/p>\n<li data-index=\"rs-13\" data-transition=\"slideleft\" data-slotamount=\"default\" data-hideafterloop=\"0\" data-hideslideonmobile=\"off\" data-easein=\"default\" data-easeout=\"default\" data-masterspeed=\"default\" data-delay=\"8200\" data-rotate=\"0\" data-saveperformance=\"off\" data-title=\"Slide\" data-param1=\"\" data-param2=\"\" data-param3=\"\" data-param4=\"\" data-param5=\"\" data-param6=\"\" data-param7=\"\" data-param8=\"\" data-param9=\"\" data-param10=\"\" data-description=\"\">\n\t\t<!-- MAIN IMAGE --><br \/>\n\t\t<img loading=\"lazy\" src=\"https:\/\/woodengift.ro\/wp-content\/plugins\/revslider\/admin\/assets\/images\/dummy.png\" alt=\"\" title=\"shop-header\" width=\"1900\" height=\"300\" data-lazyload=\"https:\/\/woodengift.ro\/wp-content\/uploads\/2018\/04\/shop-header.jpg\" data-bgposition=\"70% 0%\" data-bgfit=\"cover\" data-bgrepeat=\"no-repeat\" data-bgparallax=\"off\" class=\"rev-slidebg\" data-no-retina><br \/>\n\t\t<!-- LAYERS --><\/p>\n<p>\t\t<!-- LAYER NR. 1 --><\/p>\n<h1 class=\"tp-caption Open Sans   tp-resizeme\" id=\"slide-13-layer-2\" data-x=\"['center','center','center','center']\" data-hoffset=\"['55','71','22','-35']\" data-y=\"['top','top','top','top']\" data-voffset=\"['170','186','184','143']\" data-fontsize=\"['80','90','65','50']\" data-lineheight=\"['122','60','60','60']\" data-fontweight=\"['400','700','700','700']\" data-width=\"none\" data-height=\"none\" data-whitespace=\"nowrap\" data-type=\"text\" data-responsive_offset=\"on\" data-frames='[{\"delay\":1000,\"speed\":400,\"frame\":\"0\",\"from\":\"y:-50px;opacity:0;\",\"to\":\"o:1;\",\"ease\":\"easeOutCubic\"},{\"delay\":\"wait\",\"speed\":300,\"frame\":\"999\",\"ease\":\"nothing\"}]' data-textAlign=\"['left','left','left','left']\" data-paddingtop=\"[0,0,0,0]\" data-paddingright=\"[0,0,0,0]\" data-paddingbottom=\"[0,0,0,0]\" data-paddingleft=\"[0,0,0,0]\" style=\"font-size: 80px;line-height: 122px;font-weight: 400;letter-spacing: -4px;font-family:Open Sans;letter-spacing:0px\">Despre noi <\/h1>\n<\/li>\n<\/ul>\n<div class=\"tp-bannertimer\" style=\"height: 5px\"><\/div>\n<\/p><\/div>\n<\/p><\/div>\n<p><!-- END REVOLUTION SLIDER -->\t\t<\/div>\n<\/p><\/div>\n<\/div>\n<\/div><\/div>\n<\/section>\n<section class=\"fw-main-row-custom fw-content-overlay-custom auto  fw-section-position-back tf-sh-4f07c26937b7bee66ecfa6d13198dcbd\" style=\"margin-bottom:-43px;background-color:#ffffff\">\n<div class=\"fw-container\">\n<div class=\"fw-row\">\n<div id=\"column-6212ddcfb5db3\" class=\"fw-col-sm-12 fw-mobile-hide-element tf-sh-b8f8d198059110f1191843a200f70543  fw-col-no-padding\">\n<div class=\"fw-wrap-col-inner clearfix  \">\n<div class=\"fw-col-inner\">\n<div class=\"fw-divider-space  fw-custom-space  clearfix\" style=\"height:46px\"><\/div>\n<\/p><\/div>\n<\/p><\/div>\n<\/div>\n<\/div>\n<div class=\"fw-row\">\n<div id=\"column-6212ddcfca880\" class=\"fw-col-sm-12 tf-sh-0e684265c0f4f6e5c19dc4ace1128b4d  fw-col-no-padding\">\n<div class=\"fw-wrap-col-inner clearfix  \">\n<div class=\"fw-col-inner\">\n<div class=\"fw-text-box tf-sh-716c49b0f5ac77aad907acde3ecad2f0 \">\n<div class=\"fw-text-inner\">\n<p style=\"text-align: center\">Cau\u021bi un cadou deosebit pentru cineva drag?<\/p>\n<\/p><\/div>\n<\/div><\/div>\n<\/p><\/div>\n<\/div>\n<\/div>\n<div class=\"fw-row\">\n<div id=\"column-6212ddcfcb1a9\" class=\"fw-col-sm-12 fw-mobile-hide-element tf-sh-90c88e825bff3cfe5e1aedd62225a717  fw-col-no-padding\">\n<div class=\"fw-wrap-col-inner clearfix  \">\n<div class=\"fw-col-inner\">\n<div class=\"fw-divider-space  fw-custom-space  clearfix\" style=\"height:54px\"><\/div>\n<\/p><\/div>\n<\/p><\/div>\n<\/div>\n<\/div><\/div>\n<\/section>\n<section class=\"fw-main-row-custom fw-section-no-padding  auto  fw-section-position-back tf-sh-e825b3f511d8a345e22c1e473c28101a\">\n<div class=\"fw-container\">\n<div class=\"fw-row\">\n<div id=\"column-6212ddcfcc2b0\" class=\"fw-col-sm-12 tf-sh-17e3f71640a4079076ccddb7414cef79\">\n<div class=\"fw-wrap-col-inner clearfix  \">\n<div class=\"fw-col-inner\">\n<div class=\"text-center\">\t<a href=\"\/?post_type=product\" target=\"_self\" class=\"fw-btn tf-sh-0089f43dde55fe0acc41fcba55f27a64  fw-btn-lg  fw-btn-1\" rel=\"noopener\"><br \/>\n\t\t<span><br \/>\n\t\t\tVezi produsele noastre<i class=\"pull-right-icon fa fa-angle-right\" style=\"font-size:29px\"><\/i>\t\t<\/span><br \/>\n\t<\/a>\n<\/div>\n<\/p><\/div>\n<\/p><\/div>\n<\/div>\n<\/div>\n<div class=\"fw-row\">\n<div id=\"column-6212ddcfccd38\" class=\"fw-col-sm-12 fw-mobile-hide-element tf-sh-51e52469b0afc3ed7a77aedc582072cc  fw-col-no-padding\">\n<div class=\"fw-wrap-col-inner clearfix  \">\n<div class=\"fw-col-inner\">\n<div class=\"fw-divider-space  fw-custom-space  clearfix\" style=\"height:60px\"><\/div>\n<\/p><\/div>\n<\/p><\/div>\n<\/div>\n<\/div>\n<div class=\"fw-row\">\n<div id=\"column-6212ddcfcd74b\" class=\"fw-tablet-hide-element  fw-col-sm-4 fw-mobile-hide-element tf-sh-8b5927a2427c7bb8abe6320bacf8e524 who-are-we fw-animated-element fw-col-no-padding\" data-animation-type=\"fadeInLeft\" data-animation-delay=\"400\">\n<div class=\"fw-wrap-col-inner clearfix  \">\n<div class=\"fw-col-inner\">\n<div class=\"fw-block-image-parent  fw-mobile-hide-element \" style=\"width: 100%\">\n\t\t\t<span class=\"fw-block-image-child fw-noratio fw-ratio-container\"><br \/>\n\t\t\t\t<img src=\"https:\/\/woodengift.ro\/wp-content\/uploads\/2022\/02\/IonutHancu.jpg\" alt=\"Optimized by JPEGmini 3.15.0.81154240 0xa974d639\" data-maxdpr=\"1.7\" class=\"lazyload\" \/>\t\t\t\t\t\t\t<\/span>\n\t\t<\/div>\n<div class=\"fw-heading fw-heading-center  fw-heading-with-subtitle tf-sh-6618152c5be4de5a8d11a35eddf0c980\">\n<h2 class=\"fw-special-title\">WHO WE ARE?<\/h2>\n<div class=\"fw-special-subtitle\">We come from humble beginnings and zero skills whatsoever.<\/div>\n<\/p><\/div>\n<div class=\"fw-text-box tf-sh-ef3f68e1b9ce675e84091e463220335b \">\n<div class=\"fw-text-inner\">\n<p><img src=\"https:\/\/woodengift.ro\/wp-content\/uploads\/2022\/02\/IonutHancu.jpg\" alt=\"\" \/><\/p>\n<\/p><\/div>\n<\/div><\/div>\n<\/p><\/div>\n<\/div>\n<div id=\"column-6212ddcfe30f0\" class=\"fw-col-sm-12  fw-col-md-8 tf-sh-1557050582d403aad00a277b2674b351  fw-animated-element fw-col-no-padding\" data-animation-type=\"fadeInRight\" data-animation-delay=\"400\">\n<div class=\"fw-wrap-col-inner clearfix  \">\n<div class=\"fw-col-inner\">\n<div class=\"fw-block-image-parent  fw-mobile-hide-element fw-block-image-left\" style=\"width: 102px\">\n\t\t\t<span class=\"fw-block-image-child \"><br \/>\n\t\t\t\t<img src=\"\/\/woodengift.ro\/wp-content\/uploads\/2015\/08\/01About.png\" alt=\"\" \/>\t\t\t\t\t\t\t<\/span>\n\t\t<\/div>\n<div class=\"fw-heading fw-heading-left  fw-heading-with-subtitle tf-sh-cdeb13f8b8bc0ef398ab9165a54adc80\">\n<h2 class=\"fw-special-title\">WOODEN GIFT<\/h2>\n<div class=\"fw-special-subtitle\">Ionut Hancu<\/div>\n<\/p><\/div>\n<div class=\"fw-divider tf-sh-d353a2cf2b8c5fc96f003fe1bb56ce1b  fw-animated-element fw-divider-align-left fw-line-solid fw-divider-line  \" data-animation-type=\"fadeInUp\" data-animation-delay=\"200\" style=\"width:135px;padding-top:21px;margin-bottom:45px;border-color:#dddddd\"><\/div>\n<div class=\"fw-text-box tf-sh-f7ba5da9a9fe46478b7198d4a30a236c about-text\">\n<div class=\"fw-text-inner\">\n<p>Eu sunt Ionut Hancu. Din copil\u0103rie mi-au pl\u0103cut pove\u0219tile pe care lemnul le \u021bine ascunse \u00eentre fibrele \u0219i nervurile sale, doar ca s\u0103 le dezvaluie celor suficient de perseveren\u021bi \u00eenc\u00e2t s\u0103 continue s\u0103 caute.<\/p>\n<p>Mi-am petrecut prima tinere\u021be \u00een corpora\u021bii \u0219i apoi \u00een antreprenoriat, prins \u00een h\u0103\u021bi\u0219ul a ceea ce facem to\u021bi \u00een numele valori pe care le pre\u021buim: familie, bun\u0103stare, o via\u021ba mai bun\u0103 pentru cei dragi, un pic de bine pentru cei din jurul nostru.<\/p>\n<p>A\u0219a cum \u00een inima lemnului po\u021bi vedea urmele unui an secetos ori ale unui incendiu, \u0219i \u00een via\u021ba apar momente de cotitur\u0103 c\u00e2nd e\u0219ti oprit din goana zilnic\u0103. Vine vremea s\u0103 reconsideri cine e\u0219ti, ce \u0219tii, \u00eencotro te indrep\u021bi.<\/p>\n<p>C\u00e2nd pentru mine a venit acest moment, am avut norocul s\u0103-l redescop\u0103r pe baiatul care, acum mul\u021bi ani, asculta p\u0103durea \u0219i c\u0103uta pove\u0219tile lemnului. Familia mea \u0219i baiatul acesta din mine mi-au dat ocazia unui nou \u00eenceput. Acest site imp\u0103rt\u0103\u0219e\u0219te cu voi \u00eentoarcerea la pasiune.<\/p>\n<p>E greu de spus c\u00e2t din Woodengift e pasiune, tehnic\u0103, art\u0103 sau afacere. Asa c\u0103 lua\u021bi-l \u00een primul r\u00e2nd ca un demers \u00eenspre autenticitate, \u00eenspre frumuse\u021bea care a\u0219teapt\u0103 s\u0103 fie dezv\u0103luit\u0103.<\/p>\n<\/p><\/div>\n<\/div>\n<div class=\"fw-divider-space  fw-custom-space  clearfix\" style=\"height:20px\"><\/div>\n<\/p><\/div>\n<\/p><\/div>\n<\/div>\n<\/div>\n<div class=\"fw-row\">\n<div id=\"column-6212ddcfe4d38\" class=\"fw-col-sm-12 fw-mobile-hide-element tf-sh-fc964543a0be91d8d7f3f0591d4cd370  fw-col-no-padding\">\n<div class=\"fw-wrap-col-inner clearfix  \">\n<div class=\"fw-col-inner\">\n<div class=\"fw-divider-space  fw-custom-space  clearfix\" style=\"height:60px\"><\/div>\n<\/p><\/div>\n<\/p><\/div>\n<\/div>\n<\/div><\/div>\n<\/section>\n<section class=\"fw-main-row-custom  auto  fw-section-position-back tf-sh-506ee3209284bc2b05d029709aa34bd0\" style=\"background-color:#ffffff\">\n<div class=\"fw-container\">\n<div class=\"fw-row\">\n<div id=\"column-6212ddcfe5f51\" class=\"fw-col-sm-12 tf-sh-05514e897b077074c16c5d9619b47b21\">\n<div class=\"fw-wrap-col-inner clearfix  \">\n<div class=\"fw-col-inner\">\n<div class=\"fw-heading fw-heading-center  fw-heading-with-subtitle fw-animated-element tf-sh-23f6bace490a34e1703434066f2288f8\" data-animation-type=\"fadeInUp\" data-animation-delay=\"200\">\n<h2 class=\"fw-special-title\">Wooden Gift &#8211; Ionut Hancu<\/h2>\n<div class=\"fw-special-subtitle\">Un cadou deosebit pentru cine apreciaz\u0103 simplitatea, dar \u0219i calitatea lucrului bine f\u0103cut. <\/div>\n<\/p><\/div>\n<div class=\"fw-divider tf-sh-079344a933a745da64d8134a60b0b501  fw-mobile-hide-element fw-animated-element fw-divider-align-center fw-line-solid fw-divider-line   fw_theme_border_only_color_1\" data-animation-type=\"fadeInUp\" data-animation-delay=\"200\" style=\"width:115px;padding-top:40px;margin-bottom:90px\"><\/div>\n<\/p><\/div>\n<\/p><\/div>\n<\/div>\n<\/div>\n<div class=\"fw-row\">\n<div id=\"column-6212ddd006cb8\" class=\"fw-col-sm-12 tf-sh-ab7858e764f11538cabbf70871f0fbe7  fw-col-no-padding\">\n<div class=\"fw-wrap-col-inner clearfix  \">\n<div class=\"fw-col-inner\">\n<div class=\"fw-gallery clearfix tf-sh-e1615a90a1644ed79f1f6a25c09eeae3 fw-gallery-type2  fw-animated-element\" data-animation-type=\"fadeInUp\" data-animation-delay=\"200\">\n<div class=\"fw-gallery-col fw-col-width1\">\n<div class=\"fw-gallery-image fw-height-md fw-block-image-parent fw-overlay-4  overlay_color_2\">\n\t\t\t\t\t<a href=\"https:\/\/woodengift.ro\/wp-content\/uploads\/2018\/05\/gallery_0_1.png\" data-rel=\"prettyPhoto[fw-gallery-e1615a90a1644ed79f1f6a25c09eeae3]\" rel=\"prettyPhoto[fw-gallery-e1615a90a1644ed79f1f6a25c09eeae3]\" class=\"fw-block-image-child fw-ratio-container fw-ratio-3-2 \"><br \/>\n\t\t\t\t\t\t<img src=\"https:\/\/woodengift.ro\/wp-content\/uploads\/2018\/05\/gallery_0_1.png\" alt=\"gallery_0_1\" data-maxdpr=\"1.7\" class=\"attachment-post-thumbnail lazyload\" \/><\/p>\n<div class=\"fw-block-image-overlay\">\n<div class=\"fw-itable\">\n<div class=\"fw-icell\">\n\t\t\t\t\t\t\t\t\t<i class=\"fw-icon-zoom\"><\/i><\/p>\n<h5 class=\"fw-overlay-title\">WOODEN GIFT<\/h5>\n<p class=\"fw-overlay-description\">\n<\/p><\/div>\n<\/p><\/div>\n<\/p><\/div>\n<p>\t\t\t\t\t<\/a>\n\t\t\t\t<\/div>\n<div class=\"fw-gallery-image fw-height-sm fw-block-image-parent fw-overlay-4  overlay_color_1\">\n\t\t\t\t<a href=\"https:\/\/woodengift.ro\/wp-content\/uploads\/2018\/04\/gallery-02.jpg\" data-rel=\"prettyPhoto[fw-gallery-e1615a90a1644ed79f1f6a25c09eeae3]\" rel=\"prettyPhoto[fw-gallery-e1615a90a1644ed79f1f6a25c09eeae3]\" class=\"fw-block-image-child fw-ratio-container fw-ratio-16-9 \"><br \/>\n\t\t\t\t\t<img src=\"https:\/\/woodengift.ro\/wp-content\/uploads\/2018\/04\/gallery-02.jpg\" alt=\"gallery-02\" data-maxdpr=\"1.7\" class=\"attachment-post-thumbnail lazyload\" \/><\/p>\n<div class=\"fw-block-image-overlay\">\n<div class=\"fw-itable\">\n<div class=\"fw-icell\">\n\t\t\t\t\t\t\t\t<i class=\"fw-icon-zoom\"><\/i><\/p>\n<h5 class=\"fw-overlay-title\">SIMPLITATE.<\/h5>\n<p class=\"fw-overlay-description\">\n<\/p><\/div>\n<\/p><\/div>\n<\/p><\/div>\n<p>\t\t\t\t<\/a>\n\t\t\t<\/div>\n<\/div>\n<div class=\"fw-gallery-col fw-col-width1\">\n<div class=\"fw-gallery-col fw-col-width2\">\n<div class=\"fw-gallery-image fw-height-sm fw-block-image-parent fw-overlay-4  overlay_color_1\">\n\t\t\t\t\t<a href=\"https:\/\/woodengift.ro\/wp-content\/uploads\/2018\/04\/gallery-3.jpg\" data-rel=\"prettyPhoto[fw-gallery-e1615a90a1644ed79f1f6a25c09eeae3]\" rel=\"prettyPhoto[fw-gallery-e1615a90a1644ed79f1f6a25c09eeae3]\" class=\"fw-block-image-child fw-ratio-container fw-ratio-1 \"><br \/>\n\t\t\t\t\t\t<img src=\"https:\/\/woodengift.ro\/wp-content\/uploads\/2018\/04\/gallery-3.jpg\" alt=\"gallery-3\" data-maxdpr=\"1.7\" class=\"attachment-post-thumbnail lazyload\" \/><\/p>\n<div class=\"fw-block-image-overlay\">\n<div class=\"fw-itable\">\n<div class=\"fw-icell\">\n\t\t\t\t\t\t\t\t\t<i class=\"fw-icon-zoom\"><\/i><\/p>\n<h5 class=\"fw-overlay-title\">UN NOU INCEPUT.<\/h5>\n<p class=\"fw-overlay-description\">\n<\/p><\/div>\n<\/p><\/div>\n<\/p><\/div>\n<p>\t\t\t\t\t<\/a>\n\t\t\t\t<\/div>\n<\/p><\/div>\n<div class=\"fw-gallery-col fw-col-width2\">\n<div class=\"fw-gallery-image fw-height-sm fw-block-image-parent fw-overlay-4  overlay_color_2\">\n\t\t\t\t\t<a href=\"https:\/\/woodengift.ro\/wp-content\/uploads\/2018\/04\/gallery-0_3.jpg\" data-rel=\"prettyPhoto[fw-gallery-e1615a90a1644ed79f1f6a25c09eeae3]\" rel=\"prettyPhoto[fw-gallery-e1615a90a1644ed79f1f6a25c09eeae3]\" class=\"fw-block-image-child fw-ratio-container fw-ratio-1 \"><br \/>\n\t\t\t\t\t\t<img src=\"https:\/\/woodengift.ro\/wp-content\/uploads\/2018\/04\/gallery-0_3.jpg\" alt=\"gallery-0_3\" data-maxdpr=\"1.7\" class=\"attachment-post-thumbnail lazyload\" \/><\/p>\n<div class=\"fw-block-image-overlay\">\n<div class=\"fw-itable\">\n<div class=\"fw-icell\">\n\t\t\t\t\t\t\t\t\t<i class=\"fw-icon-zoom\"><\/i><\/p>\n<h5 class=\"fw-overlay-title\">CALITATE.<\/h5>\n<p class=\"fw-overlay-description\">\n<\/p><\/div>\n<\/p><\/div>\n<\/p><\/div>\n<p>\t\t\t\t\t<\/a>\n\t\t\t\t<\/div>\n<\/p><\/div>\n<div class=\"fw-gallery-image fw-height-md fw-block-image-parent fw-overlay-4  overlay_color_2\">\n\t\t\t\t<a href=\"https:\/\/woodengift.ro\/wp-content\/uploads\/2018\/04\/gallery-05.jpg\" data-rel=\"prettyPhoto[fw-gallery-e1615a90a1644ed79f1f6a25c09eeae3]\" rel=\"prettyPhoto[fw-gallery-e1615a90a1644ed79f1f6a25c09eeae3]\" class=\"fw-block-image-child fw-ratio-container fw-ratio-3-2 \"><br \/>\n\t\t\t\t\t<img src=\"https:\/\/woodengift.ro\/wp-content\/uploads\/2018\/04\/gallery-05.jpg\" alt=\"gallery-05\" data-maxdpr=\"1.7\" class=\"attachment-post-thumbnail lazyload\" \/><\/p>\n<div class=\"fw-block-image-overlay\">\n<div class=\"fw-itable\">\n<div class=\"fw-icell\">\n\t\t\t\t\t\t\t\t<i class=\"fw-icon-zoom\"><\/i><\/p>\n<h5 class=\"fw-overlay-title\">MINIMALISM.<\/h5>\n<p class=\"fw-overlay-description\">\n<\/p><\/div>\n<\/p><\/div>\n<\/p><\/div>\n<p>\t\t\t\t<\/a>\n\t\t\t<\/div>\n<\/div>\n<\/div>\n<div class=\"fw-divider-space  fw-custom-space  clearfix\" style=\"height:100px\"><\/div>\n<div class=\"text-center\">\t<a href=\"#\" target=\"_self\" class=\"fw-btn tf-sh-70611bd60f0109ddc825544e6685b696  fw-btn-lg   fw-animated-element fw-btn-1\" data-animation-type=\"fadeInUp\" data-animation-delay=\"200\" rel=\"noopener\"><br \/>\n\t\t<span><br \/>\n\t\t\tFIND OUT MORE\t\t<\/span><br \/>\n\t<\/a>\n<\/div>\n<\/p><\/div>\n<\/p><\/div>\n<\/div>\n<\/div><\/div>\n<\/section>\n<section class=\"fw-main-row-custom fw-section-no-padding  fw_theme_bg_fw-custom fw-section-image auto  fw-section-position-back tf-sh-4dec31cd1d355638ced923bb91749178\" style=\"background-image:url(\/\/woodengift.ro\/wp-content\/uploads\/2015\/08\/testimonials_bg.jpg);background-position: center center;background-size: auto\">\n<div class=\"fw-container\">\n<div class=\"fw-row\">\n<div id=\"column-6212ddd020d37\" class=\"fw-col-sm-12 tf-sh-89234bd1ed6369ec3edd4ce3d761fc01  fw-col-no-padding\">\n<div class=\"fw-wrap-col-inner clearfix  \">\n<div class=\"fw-col-inner\">\n<div class=\"fw-divider-space  fw-custom-space  fw-mobile-hide-element clearfix\" style=\"height:135px\"><\/div>\n<div class=\"fw-testimonials fw-testimonials-1 tf-sh-05f88c9e7e53dc2ba0513d6336def166  hide-slider\">\n<div class=\"fw-testimonials-list\" id=\"testimonials-05f88c9e7e53dc2ba0513d6336def166\" data-show-in-slider=\"yes\" data-timeoutDuration=\"5000\" data-animation=\"fade\" data-play=\"true\">\n<div class=\"fw-testimonials-item clearfix\">\n<div class=\"fw-testimonials-text\">\n<p>Vivamus hendrerit arcu sed erat molestie vehicula. Sed auctor neque eu tellus rhoncus ut eleifend nibh porttitor. Ut in nulla enim. Phasellus molestie magna non est lorem ispum bibendum nisl tempor.<\/p>\n<p>&nbsp;<\/p>\n<\/p><\/div>\n<div class=\"fw-testimonials-meta\">\n<div class=\"fw-testimonials-author\">\n\t\t\t\t\t\t<span class=\"author-name\">FIONA BORGMANN<\/span><br \/>\n\t\t\t\t\t\t\t\t\t\t\t\t\t<em class=\"author-job\">CEO\u00a0<\/em><br \/>\n\t\t\t\t\t\t\t\t\t\t\t\t\t\t\t\t\t\t\t<span class=\"fw-testimonials-url\"><br \/>\n\t\t\t\t\t\t\t\t<a target=\"_blank\" href=\"\" rel=\"noopener\">&nbsp;INTELIFEEDS<\/a><br \/>\n\t\t\t\t\t\t\t<\/span><\/p><\/div>\n<\/p><\/div>\n<\/p><\/div>\n<div class=\"fw-testimonials-item clearfix\">\n<div class=\"fw-testimonials-text\">\n<p>Nulla at nulla justo, eget luctus tortor. Nulla facilisi. Duis aliquet egestas purus in blandit. Curabitur vulputate, ligula lacinia scelerisque tempor, lacus lacus ornare ante, ac egestas est urna sit amet arcu.<\/p>\n<p>&nbsp;<\/p>\n<\/p><\/div>\n<div class=\"fw-testimonials-meta\">\n<div class=\"fw-testimonials-author\">\n\t\t\t\t\t\t<span class=\"author-name\">SIMON BRAINSTROW<\/span><br \/>\n\t\t\t\t\t\t\t\t\t\t\t\t\t<em class=\"author-job\">MANAGER\u00a0<\/em><br \/>\n\t\t\t\t\t\t\t\t\t\t\t\t\t\t\t\t\t\t\t<span class=\"fw-testimonials-url\"><br \/>\n\t\t\t\t\t\t\t\t<a target=\"_blank\" href=\"\" rel=\"noopener\">&nbsp;ITWORKX<\/a><br \/>\n\t\t\t\t\t\t\t<\/span><\/p><\/div>\n<\/p><\/div>\n<\/p><\/div>\n<div class=\"fw-testimonials-item clearfix\">\n<div class=\"fw-testimonials-text\">\n<p>Mauris iaculis porttitor posuere. Praesent id metus massa, ut blandit odio. Proin quis tortor orci. Etiam at risus et justo dignissim congue. Donec congue lacinia dui, a porttitor lectus condimentum laoreet. Nunc eu ullamcorper orci.<\/p>\n<p>&nbsp;<\/p>\n<\/p><\/div>\n<div class=\"fw-testimonials-meta\">\n<div class=\"fw-testimonials-author\">\n\t\t\t\t\t\t<span class=\"author-name\">PEDRAG TROFIMOV<\/span><br \/>\n\t\t\t\t\t\t\t\t\t\t\t\t\t<em class=\"author-job\">DEVELOPER\u00a0<\/em><br \/>\n\t\t\t\t\t\t\t\t\t\t\t\t\t\t\t\t\t\t\t<span class=\"fw-testimonials-url\"><br \/>\n\t\t\t\t\t\t\t\t<a target=\"_blank\" href=\"\" rel=\"noopener\">&nbsp;REPO-TRIBUNE<\/a><br \/>\n\t\t\t\t\t\t\t<\/span><\/p><\/div>\n<\/p><\/div>\n<\/p><\/div>\n<\/p><\/div>\n<div class=\"fw-testimonials-arrows\">\n\t\t<a class=\"prev\" id=\"testimonials-05f88c9e7e53dc2ba0513d6336def166-prev\" href=\"#\"><i class=\"fa\"><\/i><\/a><br \/>\n\t\t<a class=\"next\" id=\"testimonials-05f88c9e7e53dc2ba0513d6336def166-next\" href=\"#\"><i class=\"fa\"><\/i><\/a>\n\t<\/div>\n<div class=\"fw-testimonials-pagination\" id=\"testimonials-05f88c9e7e53dc2ba0513d6336def166-controls\"><\/div>\n<\/div><\/div>\n<\/p><\/div>\n<\/div>\n<\/div><\/div>\n<\/section>\n<section class=\"fw-main-row-custom fw-section-no-padding  fw_theme_bg_fw-custom fw-section-image fw-section-height-custom  fw-section-position-back tf-sh-c8ea0e612e91f520461c615695c7a490\" style=\"background-image:url(\/\/woodengift.ro\/wp-content\/uploads\/2015\/08\/pattern_green.jpg);background-position: left top;background-size: auto;height: 270px\">\n<div class=\"fw-container\">\n<div class=\"fw-row\">\n<div id=\"column-6212ddd0221a8\" class=\"fw-col-sm-12 fw-mobile-hide-element tf-sh-1b665b8f2f21fdf1bc699021f68856bd  fw-col-no-padding\">\n<div class=\"fw-wrap-col-inner clearfix  \">\n<div class=\"fw-col-inner\">\n<div class=\"fw-divider-space  fw-custom-space  clearfix\" style=\"height:100px\"><\/div>\n<\/p><\/div>\n<\/p><\/div>\n<\/div>\n<\/div>\n<div class=\"fw-row\">\n<div id=\"column-6212ddd037b67\" class=\"fw-tablet-hide-element  fw-col-sm-4 fw-mobile-hide-element tf-sh-2e418e9d34009fd9aea6aac7ea701c4a  fw-col-no-padding\">\n<div class=\"fw-wrap-col-inner clearfix  \">\n<div class=\"fw-col-inner\">\n<div class=\"fw-block-image-parent  fw-animated-element fw-block-image-left\" data-animation-type=\"fadeInUp\" data-animation-delay=\"200\" style=\"width: 220px\">\n\t\t\t<span class=\"fw-block-image-child \"><br \/>\n\t\t\t\t<img src=\"\/\/woodengift.ro\/wp-content\/uploads\/2015\/08\/elegant_icon.png\" alt=\"\" \/>\t\t\t\t\t\t\t<\/span>\n\t\t<\/div>\n<\/p><\/div>\n<\/p><\/div>\n<\/div>\n<div id=\"column-6212ddd038624\" class=\"fw-col-sm-8  fw-col-md-4 fw-mobile-hide-element tf-sh-9b4abf2ba2d3162714736106164c005f  fw-col-no-padding\">\n<div class=\"fw-wrap-col-inner clearfix  \">\n<div class=\"fw-col-inner\">\n<div class=\"fw-text-box tf-sh-8bae38f59f14e092d1555e90e035fdba  fw-animated-element\" data-animation-type=\"fadeInUp\" data-animation-delay=\"400\">\n<div class=\"fw-text-inner\">\n<p style=\"text-align: left\">LET\u2019S WORK TOGETHER<\/p>\n<\/p><\/div>\n<\/div><\/div>\n<\/p><\/div>\n<\/div>\n<div id=\"column-6212ddd038e3b\" class=\"fw-col-sm-4 tf-sh-1235ad9d4fd727d1125886a42b6550ed  fw-col-no-padding\">\n<div class=\"fw-wrap-col-inner clearfix  \">\n<div class=\"fw-col-inner\">\n<div class=\"text-right\">\t<a href=\"http:\/\/woodengift.ro\/?page_id=12\" target=\"_self\" class=\"fw-btn tf-sh-0a0b3e3f58e350ee47b59581f1fadb76    fw-animated-element fw-btn-2\" data-animation-type=\"fadeInUp\" data-animation-delay=\"600\" style=\"width:196px;height:65px;line-height:61px\" rel=\"noopener\"><br \/>\n\t\t<span><br \/>\n\t\t\tCONTACT US<i class=\"pull-right-icon fa fa-angle-right\" style=\"font-size:16px\"><\/i>\t\t<\/span><br \/>\n\t<\/a>\n<\/div>\n<\/p><\/div>\n<\/p><\/div>\n<\/div>\n<\/div><\/div>\n<\/section>\n<p><!-- ccef1dcc77559193e75d9b08a63f096d --><\/p>\n","protected":false},"excerpt":{"rendered":"<p>Despre noi Cau\u021bi un cadou deosebit pentru cineva drag? Vezi produsele noastre WHO WE ARE? We come from humble beginnings and zero skills whatsoever. WOODEN GIFT Ionut Hancu Eu sunt Ionut Hancu. Din copil\u0103rie mi-au pl\u0103cut pove\u0219tile pe care lemnul le \u021bine ascunse \u00eentre fibrele \u0219i nervurile sale, doar ca s\u0103 le dezvaluie celor suficient [&hellip;]<\/p>\n","protected":false},"author":1,"featured_media":0,"parent":0,"menu_order":0,"comment_status":"closed","ping_status":"open","template":"visual-builder-template.php","meta":[],"brizy_media":[],"_links":{"self":[{"href":"https:\/\/woodengift.ro\/index.php?rest_route=\/wp\/v2\/pages\/10"}],"collection":[{"href":"https:\/\/woodengift.ro\/index.php?rest_route=\/wp\/v2\/pages"}],"about":[{"href":"https:\/\/woodengift.ro\/index.php?rest_route=\/wp\/v2\/types\/page"}],"author":[{"embeddable":true,"href":"https:\/\/woodengift.ro\/index.php?rest_route=\/wp\/v2\/users\/1"}],"replies":[{"embeddable":true,"href":"https:\/\/woodengift.ro\/index.php?rest_route=%2Fwp%2Fv2%2Fcomments&post=10"}],"version-history":[{"count":63,"href":"https:\/\/woodengift.ro\/index.php?rest_route=\/wp\/v2\/pages\/10\/revisions"}],"predecessor-version":[{"id":6796,"href":"https:\/\/woodengift.ro\/index.php?rest_route=\/wp\/v2\/pages\/10\/revisions\/6796"}],"wp:attachment":[{"href":"https:\/\/woodengift.ro\/index.php?rest_route=%2Fwp%2Fv2%2Fmedia&parent=10"}],"curies":[{"name":"wp","href":"https:\/\/api.w.org\/{rel}","templated":true}]}}