{"id":6124,"date":"2018-04-01T01:36:52","date_gmt":"2018-03-31T22:36:52","guid":{"rendered":"http:\/\/woodengift.ro\/?post_type=product&#038;p=6124"},"modified":"2022-03-20T04:13:46","modified_gmt":"2022-03-20T02:13:46","slug":"ceas-2","status":"publish","type":"product","link":"https:\/\/woodengift.ro\/?product=ceas-2","title":{"rendered":"Ceas 2"},"content":{"rendered":"<p><span>Cadou pentru iubitorii de lini\u0219te \u0219i de frumos, care totu\u0219i din c\u00e2nd \u00een c\u00e2nd vor s\u0103 \u0219tie cum curge timpul. Lemnul de fag ars \u0219i picioarele de aluminiu fac \u00eempreun\u0103 o combina\u021bie de simplitate premium completat\u0103 de mecanismul silen\u021bios, numai bun pentru un birou clasic.<\/span><\/p>\n","protected":false},"excerpt":{"rendered":"<p><em><span>Lemn de fag, picioare aluminiu, mecanism silentios.<\/span><\/em><\/p>\n<p style=\"color: red;margin: 0 0 20px 0;\">V\u00e2ndut. Disponibil la comand\u0103.<\/p>\n","protected":false},"featured_media":6308,"template":"","meta":[],"product_cat":[38],"product_tag":[],"_links":{"self":[{"href":"https:\/\/woodengift.ro\/index.php?rest_route=\/wp\/v2\/product\/6124"}],"collection":[{"href":"https:\/\/woodengift.ro\/index.php?rest_route=\/wp\/v2\/product"}],"about":[{"href":"https:\/\/woodengift.ro\/index.php?rest_route=\/wp\/v2\/types\/product"}],"wp:featuredmedia":[{"embeddable":true,"href":"https:\/\/woodengift.ro\/index.php?rest_route=\/wp\/v2\/media\/6308"}],"wp:attachment":[{"href":"https:\/\/woodengift.ro\/index.php?rest_route=%2Fwp%2Fv2%2Fmedia&parent=6124"}],"wp:term":[{"taxonomy":"product_cat","embeddable":true,"href":"https:\/\/woodengift.ro\/index.php?rest_route=%2Fwp%2Fv2%2Fproduct_cat&post=6124"},{"taxonomy":"product_tag","embeddable":true,"href":"https:\/\/woodengift.ro\/index.php?rest_route=%2Fwp%2Fv2%2Fproduct_tag&post=6124"}],"curies":[{"name":"wp","href":"https:\/\/api.w.org\/{rel}","templated":true}]}}