{"id":6125,"date":"2018-04-01T01:38:11","date_gmt":"2018-03-31T22:38:11","guid":{"rendered":"http:\/\/woodengift.ro\/?post_type=product&#038;p=6125"},"modified":"2022-03-20T04:13:15","modified_gmt":"2022-03-20T02:13:15","slug":"ceas-antique","status":"publish","type":"product","link":"https:\/\/woodengift.ro\/?product=ceas-antique","title":{"rendered":"Ceas Antique"},"content":{"rendered":"<p><span>Timpul de calitate este cel petrecut l\u00e2ng\u0103 oameni de calitate. Care \u0219tiu s\u0103 aprecieze forma simpl\u0103 pe care pasiunea me\u0219terului a dat-o acestei fibrei fine de fag. Curbele lemnului ars, tratat cu ulei de in \u0219i cu cear\u0103 natural\u0103 de albine trezesc privitorului o stare de bine ce nu este \u00eentrerupt\u0103 de mecanismul silen\u021bios. Un cadou perfect pentru oameni dragi, l\u00e2ng\u0103 care timpul petrecut \u00eempreun\u0103 este ultima grij\u0103.<\/span><\/p>\n","protected":false},"excerpt":{"rendered":"<p><em>Ceas realizat din lemn de fag, ars, tratat cu ulei de in si ceara naturala de albine,<br \/>\nMecanism silentios, functioneaza cu 1 baterie tip AA, dimensiuni ceas 15 cm diametru, grosime 2 cm,<br \/>\nBaza ceas 12\/9 cm<\/em><\/p>\n<p style=\"color: red;margin: 0 0 20px 0;\">V\u00e2ndut. Disponibil la comand\u0103.<\/p>\n","protected":false},"featured_media":6310,"template":"","meta":[],"product_cat":[38],"product_tag":[],"_links":{"self":[{"href":"https:\/\/woodengift.ro\/index.php?rest_route=\/wp\/v2\/product\/6125"}],"collection":[{"href":"https:\/\/woodengift.ro\/index.php?rest_route=\/wp\/v2\/product"}],"about":[{"href":"https:\/\/woodengift.ro\/index.php?rest_route=\/wp\/v2\/types\/product"}],"wp:featuredmedia":[{"embeddable":true,"href":"https:\/\/woodengift.ro\/index.php?rest_route=\/wp\/v2\/media\/6310"}],"wp:attachment":[{"href":"https:\/\/woodengift.ro\/index.php?rest_route=%2Fwp%2Fv2%2Fmedia&parent=6125"}],"wp:term":[{"taxonomy":"product_cat","embeddable":true,"href":"https:\/\/woodengift.ro\/index.php?rest_route=%2Fwp%2Fv2%2Fproduct_cat&post=6125"},{"taxonomy":"product_tag","embeddable":true,"href":"https:\/\/woodengift.ro\/index.php?rest_route=%2Fwp%2Fv2%2Fproduct_tag&post=6125"}],"curies":[{"name":"wp","href":"https:\/\/api.w.org\/{rel}","templated":true}]}}