{"id":6126,"date":"2018-04-01T01:39:15","date_gmt":"2018-03-31T22:39:15","guid":{"rendered":"http:\/\/woodengift.ro\/?post_type=product&#038;p=6126"},"modified":"2022-03-20T04:12:35","modified_gmt":"2022-03-20T02:12:35","slug":"ceas-apus","status":"publish","type":"product","link":"https:\/\/woodengift.ro\/?product=ceas-apus","title":{"rendered":"Ceas Apus"},"content":{"rendered":"<p><span>S\u0103 afli ora exacta de la un obiect care transmite lini\u0219te, c\u0103ldur\u0103 \u0219i prestan\u021b\u0103. Ce poate fi mai potrivit casei tale? Din lemn de frasin, at\u00e2t de apreciat \u00een industria mobilei, dar \u0219i a echipamentelor sportive, datorit\u0103 calit\u0103\u021bii sale deosebite, cu un mecanism silen\u021bios, ceasul Apus va da un plus de valoare camerei \u00een care se va afla, f\u0103r\u0103 a ie\u0219i opulent \u00een eviden\u021b\u0103.<\/span><\/p>\n","protected":false},"excerpt":{"rendered":"<p><em><span>Realizat din lemn de frasin, natural, dimensiune cadran aprox 15 cm, baza 13,5\/9 cm, grosime 2 cm;<br \/>Mecanism silentios, mers continuu, functioneaza cu 1 baterie tip AA<br \/>\n<\/span><\/em><\/p>\n<p style=\"color: red;margin: 0 0 20px 0;\">V\u00e2ndut. Disponibil la comand\u0103.<\/p>\n","protected":false},"featured_media":6313,"template":"","meta":[],"product_cat":[38],"product_tag":[],"_links":{"self":[{"href":"https:\/\/woodengift.ro\/index.php?rest_route=\/wp\/v2\/product\/6126"}],"collection":[{"href":"https:\/\/woodengift.ro\/index.php?rest_route=\/wp\/v2\/product"}],"about":[{"href":"https:\/\/woodengift.ro\/index.php?rest_route=\/wp\/v2\/types\/product"}],"wp:featuredmedia":[{"embeddable":true,"href":"https:\/\/woodengift.ro\/index.php?rest_route=\/wp\/v2\/media\/6313"}],"wp:attachment":[{"href":"https:\/\/woodengift.ro\/index.php?rest_route=%2Fwp%2Fv2%2Fmedia&parent=6126"}],"wp:term":[{"taxonomy":"product_cat","embeddable":true,"href":"https:\/\/woodengift.ro\/index.php?rest_route=%2Fwp%2Fv2%2Fproduct_cat&post=6126"},{"taxonomy":"product_tag","embeddable":true,"href":"https:\/\/woodengift.ro\/index.php?rest_route=%2Fwp%2Fv2%2Fproduct_tag&post=6126"}],"curies":[{"name":"wp","href":"https:\/\/api.w.org\/{rel}","templated":true}]}}