{"id":6127,"date":"2018-04-01T01:40:03","date_gmt":"2018-03-31T22:40:03","guid":{"rendered":"http:\/\/woodengift.ro\/?post_type=product&#038;p=6127"},"modified":"2022-03-20T04:11:20","modified_gmt":"2022-03-20T02:11:20","slug":"ceas-ars","status":"publish","type":"product","link":"https:\/\/woodengift.ro\/?product=ceas-ars","title":{"rendered":"Ceas Ars"},"content":{"rendered":"<p><span>Un cadou pentru iubitorii de frumuse\u021bii simple. Un mic obiect de colec\u021bie, realizat din pre\u021biosul lemn de nuc, peste care curentul electric a l\u0103sat urme de fulger, \u00eentr-o personalizare unic\u0103.<\/span><\/p>\n","protected":false},"excerpt":{"rendered":"<p><em><span>Lemn de nuc, rasina epoxidica, personalizat cu ajutorul curentului electric<\/span><\/em><\/p>\n<p style=\"color: red;margin: 0 0 20px 0;\">V\u00e2ndut. Disponibil la comand\u0103.<\/p>\n","protected":false},"featured_media":6314,"template":"","meta":[],"product_cat":[38],"product_tag":[],"_links":{"self":[{"href":"https:\/\/woodengift.ro\/index.php?rest_route=\/wp\/v2\/product\/6127"}],"collection":[{"href":"https:\/\/woodengift.ro\/index.php?rest_route=\/wp\/v2\/product"}],"about":[{"href":"https:\/\/woodengift.ro\/index.php?rest_route=\/wp\/v2\/types\/product"}],"wp:featuredmedia":[{"embeddable":true,"href":"https:\/\/woodengift.ro\/index.php?rest_route=\/wp\/v2\/media\/6314"}],"wp:attachment":[{"href":"https:\/\/woodengift.ro\/index.php?rest_route=%2Fwp%2Fv2%2Fmedia&parent=6127"}],"wp:term":[{"taxonomy":"product_cat","embeddable":true,"href":"https:\/\/woodengift.ro\/index.php?rest_route=%2Fwp%2Fv2%2Fproduct_cat&post=6127"},{"taxonomy":"product_tag","embeddable":true,"href":"https:\/\/woodengift.ro\/index.php?rest_route=%2Fwp%2Fv2%2Fproduct_tag&post=6127"}],"curies":[{"name":"wp","href":"https:\/\/api.w.org\/{rel}","templated":true}]}}