{"id":6128,"date":"2018-04-01T01:41:15","date_gmt":"2018-03-31T22:41:15","guid":{"rendered":"http:\/\/woodengift.ro\/?post_type=product&#038;p=6128"},"modified":"2022-03-20T04:32:32","modified_gmt":"2022-03-20T02:32:32","slug":"ceas-auto","status":"publish","type":"product","link":"https:\/\/woodengift.ro\/?product=ceas-auto","title":{"rendered":"Ceas Auto"},"content":{"rendered":"<p><span>Ai un apropiat care este atras de ma\u0219ini, dar pentru care timpul este valoros? Arat\u0103-i c\u00e2t valoreaz\u0103 \u0219i el \u00een ochii t\u0103i surpinz\u00e2ndu-l cu un ceas unicat, \u00een care elementele desprinse dintr-o ma\u0219in\u0103 \u00eembrac\u0103 luxosul lemn de nuc \u00eentr-o execu\u021bie f\u0103r\u0103 pereche.<\/span><\/p>\n","protected":false},"excerpt":{"rendered":"<p><em><span>Realizat din lemn de nuc si diverse peise auto<\/span><\/em><\/p>\n<p style=\"color: red;margin: 0 0 20px 0;\">V\u00e2ndut. Disponibil la comand\u0103.<\/p>\n","protected":false},"featured_media":6315,"template":"","meta":[],"product_cat":[55],"product_tag":[],"_links":{"self":[{"href":"https:\/\/woodengift.ro\/index.php?rest_route=\/wp\/v2\/product\/6128"}],"collection":[{"href":"https:\/\/woodengift.ro\/index.php?rest_route=\/wp\/v2\/product"}],"about":[{"href":"https:\/\/woodengift.ro\/index.php?rest_route=\/wp\/v2\/types\/product"}],"wp:featuredmedia":[{"embeddable":true,"href":"https:\/\/woodengift.ro\/index.php?rest_route=\/wp\/v2\/media\/6315"}],"wp:attachment":[{"href":"https:\/\/woodengift.ro\/index.php?rest_route=%2Fwp%2Fv2%2Fmedia&parent=6128"}],"wp:term":[{"taxonomy":"product_cat","embeddable":true,"href":"https:\/\/woodengift.ro\/index.php?rest_route=%2Fwp%2Fv2%2Fproduct_cat&post=6128"},{"taxonomy":"product_tag","embeddable":true,"href":"https:\/\/woodengift.ro\/index.php?rest_route=%2Fwp%2Fv2%2Fproduct_tag&post=6128"}],"curies":[{"name":"wp","href":"https:\/\/api.w.org\/{rel}","templated":true}]}}