{"id":6130,"date":"2018-04-01T01:43:05","date_gmt":"2018-03-31T22:43:05","guid":{"rendered":"http:\/\/woodengift.ro\/?post_type=product&#038;p=6130"},"modified":"2022-03-20T04:10:32","modified_gmt":"2022-03-20T02:10:32","slug":"ceas-customizat-de-perete","status":"publish","type":"product","link":"https:\/\/woodengift.ro\/?product=ceas-customizat-de-perete","title":{"rendered":"Ceas customizat de perete"},"content":{"rendered":"<p><span style=\"font-weight: 400;\">Poate fi vedeta camerei de zi a unui iubitor de motociclete, dar \u0219i a biroului unui astfel de pasionat. Mult apreciata fine\u021be a fibrei de fag, asociat\u0103 cu discul de motociclet\u0103 \u0219i cu fulgerele din r\u0103\u0219in\u0103 epoxidic\u0103, intrig\u0103, provoac\u0103 \u0219i apoi cucere\u0219te iremediabil. Ca mersul pe\u2026 motociclet\u0103.<\/span><\/p>\n","protected":false},"excerpt":{"rendered":"<p><em><span >Realizat din lemn de fag, disc de motocicleta, rasina epoxidica, tehnica de modelare a lemnului<br \/>\n<br \/>Dimensiuni 30\/30 cm, mecanism cu mers continuu, silentios<\/span><\/em><\/p>\n<p style=\"color: red;margin: 0 0 20px 0;\">V\u00e2ndut. Disponibil la comand\u0103.<\/p>\n","protected":false},"featured_media":6319,"template":"","meta":[],"product_cat":[38],"product_tag":[],"_links":{"self":[{"href":"https:\/\/woodengift.ro\/index.php?rest_route=\/wp\/v2\/product\/6130"}],"collection":[{"href":"https:\/\/woodengift.ro\/index.php?rest_route=\/wp\/v2\/product"}],"about":[{"href":"https:\/\/woodengift.ro\/index.php?rest_route=\/wp\/v2\/types\/product"}],"wp:featuredmedia":[{"embeddable":true,"href":"https:\/\/woodengift.ro\/index.php?rest_route=\/wp\/v2\/media\/6319"}],"wp:attachment":[{"href":"https:\/\/woodengift.ro\/index.php?rest_route=%2Fwp%2Fv2%2Fmedia&parent=6130"}],"wp:term":[{"taxonomy":"product_cat","embeddable":true,"href":"https:\/\/woodengift.ro\/index.php?rest_route=%2Fwp%2Fv2%2Fproduct_cat&post=6130"},{"taxonomy":"product_tag","embeddable":true,"href":"https:\/\/woodengift.ro\/index.php?rest_route=%2Fwp%2Fv2%2Fproduct_tag&post=6130"}],"curies":[{"name":"wp","href":"https:\/\/api.w.org\/{rel}","templated":true}]}}