{"id":6132,"date":"2018-04-01T01:45:04","date_gmt":"2018-03-31T22:45:04","guid":{"rendered":"http:\/\/woodengift.ro\/?post_type=product&#038;p=6132"},"modified":"2022-03-20T04:31:34","modified_gmt":"2022-03-20T02:31:34","slug":"ceas-flacara","status":"publish","type":"product","link":"https:\/\/woodengift.ro\/?product=ceas-flacara","title":{"rendered":"Ceas Flac\u0103r\u0103"},"content":{"rendered":"<p>O fi flac\u0103ra pasiunii me\u0219terului \u00eendr\u0103gostit iremediabil de prelucrarea manual\u0103 a lemnului? O fi flac\u0103ra altei pasiuni? Arat\u0103-i unei persoane dragi c\u00e2t \u00eei apreciezi pasiunea, suprinz\u00e2nd-o cu aceast\u0103 superb\u0103 execu\u021bie \u00een care preten\u021biosul nuc este al\u0103turat luxosului mahon. Un cadou de neuitat, ce poate deveni punctul de atrac\u021bie al unui birou sau chiar al unei camere de zi.<\/p>\n","protected":false},"excerpt":{"rendered":"<p><em>Lemn: nuc si mahon, finisaj ulei de in si ceara naturala, mecanism silentios, dimensiuni: \u00a0inaltime 28 cm,latime 17 cm, executat manual, functioneaza cu o baterie tip AA<\/em><\/p>\n<p style=\"color: red;margin: 0 0 20px 0;\">V\u00e2ndut. Disponibil la comand\u0103.<\/p>\n","protected":false},"featured_media":6322,"template":"","meta":[],"product_cat":[55],"product_tag":[],"_links":{"self":[{"href":"https:\/\/woodengift.ro\/index.php?rest_route=\/wp\/v2\/product\/6132"}],"collection":[{"href":"https:\/\/woodengift.ro\/index.php?rest_route=\/wp\/v2\/product"}],"about":[{"href":"https:\/\/woodengift.ro\/index.php?rest_route=\/wp\/v2\/types\/product"}],"wp:featuredmedia":[{"embeddable":true,"href":"https:\/\/woodengift.ro\/index.php?rest_route=\/wp\/v2\/media\/6322"}],"wp:attachment":[{"href":"https:\/\/woodengift.ro\/index.php?rest_route=%2Fwp%2Fv2%2Fmedia&parent=6132"}],"wp:term":[{"taxonomy":"product_cat","embeddable":true,"href":"https:\/\/woodengift.ro\/index.php?rest_route=%2Fwp%2Fv2%2Fproduct_cat&post=6132"},{"taxonomy":"product_tag","embeddable":true,"href":"https:\/\/woodengift.ro\/index.php?rest_route=%2Fwp%2Fv2%2Fproduct_tag&post=6132"}],"curies":[{"name":"wp","href":"https:\/\/api.w.org\/{rel}","templated":true}]}}