{"id":6134,"date":"2018-04-01T01:46:56","date_gmt":"2018-03-31T22:46:56","guid":{"rendered":"http:\/\/woodengift.ro\/?post_type=product&#038;p=6134"},"modified":"2022-03-20T04:09:59","modified_gmt":"2022-03-20T02:09:59","slug":"ceas-fulger","status":"publish","type":"product","link":"https:\/\/woodengift.ro\/?product=ceas-fulger","title":{"rendered":"Ceas Fulger"},"content":{"rendered":"<p>Cau\u021bi un cadou deosebit pentru cineva drag? Robuste\u021bea rafinat\u0103 a lemnului de nuc \u0219i efectul de fulger al r\u0103\u0219inii epoxidice ce str\u0103luce\u0219te \u00een \u00eentuneric fac din ceasul Fulger o alegere premium ce va fi apreciat\u0103 cu siguran\u021b\u0103.<\/p>\n","protected":false},"excerpt":{"rendered":"<p><em>Realizat din lemn de nuc, rasina epoxidica, pudra&#8221;glow in the dark&#8221;, \u00a0mecanism silentios, mers continuu, functioneaza cu 1 baterie tip AA<\/em><\/p>\n<p style=\"color: red;margin: 0 0 20px 0;\">V\u00e2ndut. Disponibil la comand\u0103.<\/p>\n","protected":false},"featured_media":6326,"template":"","meta":[],"product_cat":[38],"product_tag":[],"_links":{"self":[{"href":"https:\/\/woodengift.ro\/index.php?rest_route=\/wp\/v2\/product\/6134"}],"collection":[{"href":"https:\/\/woodengift.ro\/index.php?rest_route=\/wp\/v2\/product"}],"about":[{"href":"https:\/\/woodengift.ro\/index.php?rest_route=\/wp\/v2\/types\/product"}],"wp:featuredmedia":[{"embeddable":true,"href":"https:\/\/woodengift.ro\/index.php?rest_route=\/wp\/v2\/media\/6326"}],"wp:attachment":[{"href":"https:\/\/woodengift.ro\/index.php?rest_route=%2Fwp%2Fv2%2Fmedia&parent=6134"}],"wp:term":[{"taxonomy":"product_cat","embeddable":true,"href":"https:\/\/woodengift.ro\/index.php?rest_route=%2Fwp%2Fv2%2Fproduct_cat&post=6134"},{"taxonomy":"product_tag","embeddable":true,"href":"https:\/\/woodengift.ro\/index.php?rest_route=%2Fwp%2Fv2%2Fproduct_tag&post=6134"}],"curies":[{"name":"wp","href":"https:\/\/api.w.org\/{rel}","templated":true}]}}