{"id":6137,"date":"2018-04-01T01:50:06","date_gmt":"2018-03-31T22:50:06","guid":{"rendered":"http:\/\/woodengift.ro\/?post_type=product&#038;p=6137"},"modified":"2022-03-20T04:33:55","modified_gmt":"2022-03-20T02:33:55","slug":"ceas-paleta","status":"publish","type":"product","link":"https:\/\/woodengift.ro\/?product=ceas-paleta","title":{"rendered":"Ceas Palet\u0103"},"content":{"rendered":"<p>Pentru sportivul de l\u00e2ng\u0103 tine timpul este mereu important. Surpinde-l cu aceast\u0103 execu\u021bie \u00een care discul de t\u0103iere s-a al\u0103turat lemnului de salc\u00e2m doar pentru a m\u0103sura minutele p\u00e2n\u0103 la urm\u0103torul meci. Poate fi personalizat cu numele campionului.<\/p>\n","protected":false},"excerpt":{"rendered":"<p><em>Ceas realizat din lemn de salcam,mecanism silentios, functioneaza cu 1 baterie tip AA, disc taiere lemn lipit in lemn, \u00a0poate fi personalizat<\/em><\/p>\n<p style=\"color: red;margin: 0 0 20px 0;\">V\u00e2ndut. Disponibil la comand\u0103.<\/p>\n","protected":false},"featured_media":6331,"template":"","meta":[],"product_cat":[55],"product_tag":[],"_links":{"self":[{"href":"https:\/\/woodengift.ro\/index.php?rest_route=\/wp\/v2\/product\/6137"}],"collection":[{"href":"https:\/\/woodengift.ro\/index.php?rest_route=\/wp\/v2\/product"}],"about":[{"href":"https:\/\/woodengift.ro\/index.php?rest_route=\/wp\/v2\/types\/product"}],"wp:featuredmedia":[{"embeddable":true,"href":"https:\/\/woodengift.ro\/index.php?rest_route=\/wp\/v2\/media\/6331"}],"wp:attachment":[{"href":"https:\/\/woodengift.ro\/index.php?rest_route=%2Fwp%2Fv2%2Fmedia&parent=6137"}],"wp:term":[{"taxonomy":"product_cat","embeddable":true,"href":"https:\/\/woodengift.ro\/index.php?rest_route=%2Fwp%2Fv2%2Fproduct_cat&post=6137"},{"taxonomy":"product_tag","embeddable":true,"href":"https:\/\/woodengift.ro\/index.php?rest_route=%2Fwp%2Fv2%2Fproduct_tag&post=6137"}],"curies":[{"name":"wp","href":"https:\/\/api.w.org\/{rel}","templated":true}]}}