{"id":6138,"date":"2018-04-01T01:50:54","date_gmt":"2018-03-31T22:50:54","guid":{"rendered":"http:\/\/woodengift.ro\/?post_type=product&#038;p=6138"},"modified":"2022-03-20T04:08:29","modified_gmt":"2022-03-20T02:08:29","slug":"ceas-play","status":"publish","type":"product","link":"https:\/\/woodengift.ro\/?product=ceas-play","title":{"rendered":"Ceas Play"},"content":{"rendered":"<p>Veselie pe lemn de cire\u0219 ars \u0219i periat, tratat cu ulei de in \u0219i cear\u0103 de albine, cu roti\u021be \u0219i culori vii. Dorin\u021b\u0103 de joac\u0103 \u00eentr-un ceas unic, pentru cineva unic.<\/p>\n","protected":false},"excerpt":{"rendered":"<p><em>Realizat din lemn de cires, ars si periat, tratat cu ulei de in si ceara naturala de albine, dimensiuni ; 40\/27 cm, grosime 3,5 cm, mecanism tip quartz, silentios, functioneaza cu 1 baterie tip AA<\/em><\/p>\n<p style=\"color: red;margin: 0 0 20px 0;\">V\u00e2ndut. Disponibil la comand\u0103.<\/p>\n","protected":false},"featured_media":6332,"template":"","meta":[],"product_cat":[38],"product_tag":[],"_links":{"self":[{"href":"https:\/\/woodengift.ro\/index.php?rest_route=\/wp\/v2\/product\/6138"}],"collection":[{"href":"https:\/\/woodengift.ro\/index.php?rest_route=\/wp\/v2\/product"}],"about":[{"href":"https:\/\/woodengift.ro\/index.php?rest_route=\/wp\/v2\/types\/product"}],"wp:featuredmedia":[{"embeddable":true,"href":"https:\/\/woodengift.ro\/index.php?rest_route=\/wp\/v2\/media\/6332"}],"wp:attachment":[{"href":"https:\/\/woodengift.ro\/index.php?rest_route=%2Fwp%2Fv2%2Fmedia&parent=6138"}],"wp:term":[{"taxonomy":"product_cat","embeddable":true,"href":"https:\/\/woodengift.ro\/index.php?rest_route=%2Fwp%2Fv2%2Fproduct_cat&post=6138"},{"taxonomy":"product_tag","embeddable":true,"href":"https:\/\/woodengift.ro\/index.php?rest_route=%2Fwp%2Fv2%2Fproduct_tag&post=6138"}],"curies":[{"name":"wp","href":"https:\/\/api.w.org\/{rel}","templated":true}]}}