{"id":6139,"date":"2018-04-01T01:51:55","date_gmt":"2018-03-31T22:51:55","guid":{"rendered":"http:\/\/woodengift.ro\/?post_type=product&#038;p=6139"},"modified":"2022-03-20T04:08:27","modified_gmt":"2022-03-20T02:08:27","slug":"ceas-radacini","status":"publish","type":"product","link":"https:\/\/woodengift.ro\/?product=ceas-radacini","title":{"rendered":"Ceas R\u0103d\u0103cini"},"content":{"rendered":"<p>Pune m\u00e2na\u2026 Sim\u021bi lemnul? Lemnul \u0103la tare de nuc ce-\u021bi aminte\u0219te de casa bunicilor. Prive\u0219te\u2026 Vezi simplitatea curat\u0103 a finisajului, a tratementului cu ulei de in \u0219i cear\u0103 natural\u0103 de albine? Parc\u0103 timpul st\u0103 \u00een loc \u0219i tu \u00ee\u021bi aduci aminte de od\u0103i senine, cu mult lemn, cu miere de albine, cu parfum de gutui, cu glasul bunicilor\u2026 \u00ce\u021bi aduci aminte de r\u0103d\u0103cinile tale.<\/p>\n","protected":false},"excerpt":{"rendered":"<p><em>Ceas de perete, realizat manual,din lemn de nuc, tratat cu ulei de in si ceara naturala de albine,<\/p>\n<p>Dimensiuni aprox 30 cm diametru, grosime 2,5 cm<\/em><\/p>\n<p style=\"color: red;margin: 0 0 20px 0;\">V\u00e2ndut. Disponibil la comand\u0103.<\/p>\n","protected":false},"featured_media":6333,"template":"","meta":[],"product_cat":[38],"product_tag":[],"_links":{"self":[{"href":"https:\/\/woodengift.ro\/index.php?rest_route=\/wp\/v2\/product\/6139"}],"collection":[{"href":"https:\/\/woodengift.ro\/index.php?rest_route=\/wp\/v2\/product"}],"about":[{"href":"https:\/\/woodengift.ro\/index.php?rest_route=\/wp\/v2\/types\/product"}],"wp:featuredmedia":[{"embeddable":true,"href":"https:\/\/woodengift.ro\/index.php?rest_route=\/wp\/v2\/media\/6333"}],"wp:attachment":[{"href":"https:\/\/woodengift.ro\/index.php?rest_route=%2Fwp%2Fv2%2Fmedia&parent=6139"}],"wp:term":[{"taxonomy":"product_cat","embeddable":true,"href":"https:\/\/woodengift.ro\/index.php?rest_route=%2Fwp%2Fv2%2Fproduct_cat&post=6139"},{"taxonomy":"product_tag","embeddable":true,"href":"https:\/\/woodengift.ro\/index.php?rest_route=%2Fwp%2Fv2%2Fproduct_tag&post=6139"}],"curies":[{"name":"wp","href":"https:\/\/api.w.org\/{rel}","templated":true}]}}