{"id":6140,"date":"2018-04-01T01:52:41","date_gmt":"2018-03-31T22:52:41","guid":{"rendered":"http:\/\/woodengift.ro\/?post_type=product&#038;p=6140"},"modified":"2022-03-20T04:04:34","modified_gmt":"2022-03-20T02:04:34","slug":"ceas-retro","status":"publish","type":"product","link":"https:\/\/woodengift.ro\/?product=ceas-retro","title":{"rendered":"Ceas Retro"},"content":{"rendered":"<p>Ceasul \u0103sta nu putea fi dec\u00e2t din lemn de fag. Fibra fin\u0103 a lemnului a transmis de la \u00eenceput me\u0219terului un mesaj de calm, de lini\u0219te, de \u00eentoarcere \u00een timp, de\u2026 retro.<\/p>\n","protected":false},"excerpt":{"rendered":"<p><em>Executat manual, din lemn de fag, finisaj ulei de in si ceara de albine,naturala; mecanism silentios, quartz, functioneaza cu 1 baterie \u00a0tip AA, dimensiune cadran 15 cm, grosime 2,5 cm, baza aprox 16 cm \/7,5 cm, grosime 2,5 cm<\/em><\/p>\n<p style=\"color: red;margin: 0 0 20px 0;\">V\u00e2ndut. Disponibil la comand\u0103.<\/p>\n","protected":false},"featured_media":6334,"template":"","meta":[],"product_cat":[38],"product_tag":[],"_links":{"self":[{"href":"https:\/\/woodengift.ro\/index.php?rest_route=\/wp\/v2\/product\/6140"}],"collection":[{"href":"https:\/\/woodengift.ro\/index.php?rest_route=\/wp\/v2\/product"}],"about":[{"href":"https:\/\/woodengift.ro\/index.php?rest_route=\/wp\/v2\/types\/product"}],"wp:featuredmedia":[{"embeddable":true,"href":"https:\/\/woodengift.ro\/index.php?rest_route=\/wp\/v2\/media\/6334"}],"wp:attachment":[{"href":"https:\/\/woodengift.ro\/index.php?rest_route=%2Fwp%2Fv2%2Fmedia&parent=6140"}],"wp:term":[{"taxonomy":"product_cat","embeddable":true,"href":"https:\/\/woodengift.ro\/index.php?rest_route=%2Fwp%2Fv2%2Fproduct_cat&post=6140"},{"taxonomy":"product_tag","embeddable":true,"href":"https:\/\/woodengift.ro\/index.php?rest_route=%2Fwp%2Fv2%2Fproduct_tag&post=6140"}],"curies":[{"name":"wp","href":"https:\/\/api.w.org\/{rel}","templated":true}]}}