{"id":6148,"date":"2018-04-01T01:59:22","date_gmt":"2018-03-31T22:59:22","guid":{"rendered":"http:\/\/woodengift.ro\/?post_type=product&#038;p=6148"},"modified":"2022-03-20T04:58:57","modified_gmt":"2022-03-20T02:58:57","slug":"tocator-end-grain","status":"publish","type":"product","link":"https:\/\/woodengift.ro\/?product=tocator-end-grain","title":{"rendered":"Toc\u0103tor end grain"},"content":{"rendered":"<p><em><span style=\"font-weight: 400;\">Tocator pentru legume sau carne,realizat din lemn de nuc, dimensiune 50\/28, 3.5 cm grosime,\u00a0<\/span><span style=\"font-weight: 400;\">tratat cu ulei de tung si ceara de albine<\/span><\/em><\/p>\n<p><span style=\"font-weight: 400;\">Buc\u0103tarii adev\u0103ra\u021bi cunosc calitatea. Dac\u0103 ai unul \u00een via\u021ba ta, surprinde-l cu un cadou util. Un toc\u0103tor pentru legume sau carne, realizat din lemn de fag tratat cu ulei de tung \u0219i cear\u0103 de albine. Un motiv \u00een plus s\u0103 te invite mai des la el la mas\u0103.<\/span><\/p>\n","protected":false},"excerpt":{"rendered":"<p>din lemn de nuc<\/p>\n<p>dimensiuni: 50\/28 , 3cm grosime<\/p>\n<p style=\"color: red;margin: 0 0 20px 0;\">V\u00e2ndut. Disponibil la comand\u0103.<\/p>\n","protected":false},"featured_media":6616,"template":"","meta":[],"product_cat":[39],"product_tag":[],"_links":{"self":[{"href":"https:\/\/woodengift.ro\/index.php?rest_route=\/wp\/v2\/product\/6148"}],"collection":[{"href":"https:\/\/woodengift.ro\/index.php?rest_route=\/wp\/v2\/product"}],"about":[{"href":"https:\/\/woodengift.ro\/index.php?rest_route=\/wp\/v2\/types\/product"}],"wp:featuredmedia":[{"embeddable":true,"href":"https:\/\/woodengift.ro\/index.php?rest_route=\/wp\/v2\/media\/6616"}],"wp:attachment":[{"href":"https:\/\/woodengift.ro\/index.php?rest_route=%2Fwp%2Fv2%2Fmedia&parent=6148"}],"wp:term":[{"taxonomy":"product_cat","embeddable":true,"href":"https:\/\/woodengift.ro\/index.php?rest_route=%2Fwp%2Fv2%2Fproduct_cat&post=6148"},{"taxonomy":"product_tag","embeddable":true,"href":"https:\/\/woodengift.ro\/index.php?rest_route=%2Fwp%2Fv2%2Fproduct_tag&post=6148"}],"curies":[{"name":"wp","href":"https:\/\/api.w.org\/{rel}","templated":true}]}}