{"id":6149,"date":"2018-04-01T02:00:12","date_gmt":"2018-03-31T23:00:12","guid":{"rendered":"http:\/\/woodengift.ro\/?post_type=product&#038;p=6149"},"modified":"2022-03-20T04:55:44","modified_gmt":"2022-03-20T02:55:44","slug":"tocator-lemn-salcam","status":"publish","type":"product","link":"https:\/\/woodengift.ro\/?product=tocator-lemn-salcam","title":{"rendered":"Toc\u0103tor lemn salc\u00e2m"},"content":{"rendered":"<p><span>Toc\u0103torul pentru legume sau fructe din lemn de salc\u00e2m este simplu \u0219i practic. Designul neregulat, dar perfect ergonomic, \u0219i patina arhaic\u0103 dat\u0103 de tratamentul cu ulei de tung \u0219i cear\u0103 natural\u0103 de albine fac din acest toc\u0103tor un obiect dorit \u00een multe buc\u0103t\u0103rii.<\/span><\/p>\n","protected":false},"excerpt":{"rendered":"<p><em><span>Tocator legume sau fructe, lemn de salcam, tratat cu ulei de tung si ceara naturala de albine<\/span><\/em><\/p>\n<p style=\"color: red;margin: 0 0 20px 0;\">V\u00e2ndut. Disponibil la comand\u0103.<\/p>\n","protected":false},"featured_media":6347,"template":"","meta":[],"product_cat":[39],"product_tag":[],"_links":{"self":[{"href":"https:\/\/woodengift.ro\/index.php?rest_route=\/wp\/v2\/product\/6149"}],"collection":[{"href":"https:\/\/woodengift.ro\/index.php?rest_route=\/wp\/v2\/product"}],"about":[{"href":"https:\/\/woodengift.ro\/index.php?rest_route=\/wp\/v2\/types\/product"}],"wp:featuredmedia":[{"embeddable":true,"href":"https:\/\/woodengift.ro\/index.php?rest_route=\/wp\/v2\/media\/6347"}],"wp:attachment":[{"href":"https:\/\/woodengift.ro\/index.php?rest_route=%2Fwp%2Fv2%2Fmedia&parent=6149"}],"wp:term":[{"taxonomy":"product_cat","embeddable":true,"href":"https:\/\/woodengift.ro\/index.php?rest_route=%2Fwp%2Fv2%2Fproduct_cat&post=6149"},{"taxonomy":"product_tag","embeddable":true,"href":"https:\/\/woodengift.ro\/index.php?rest_route=%2Fwp%2Fv2%2Fproduct_tag&post=6149"}],"curies":[{"name":"wp","href":"https:\/\/api.w.org\/{rel}","templated":true}]}}