{"id":6150,"date":"2018-04-01T02:00:59","date_gmt":"2018-03-31T23:00:59","guid":{"rendered":"http:\/\/woodengift.ro\/?post_type=product&#038;p=6150"},"modified":"2022-03-20T04:55:40","modified_gmt":"2022-03-20T02:55:40","slug":"tocator-end-grain-stejar","status":"publish","type":"product","link":"https:\/\/woodengift.ro\/?product=tocator-end-grain-stejar","title":{"rendered":"Toc\u0103tor end grain stejar"},"content":{"rendered":"<p><span>Geometria exact\u0103 a toc\u0103torului end grain din lemn de stejar te va fermeca din prima clip\u0103. Simplitatea matematic\u0103 a liniilor drepte ce \u00eembrac\u0103 fibra pur\u0103 a lemnului tratat food safe se va \u00eencadra perfect \u00een planurile culinare ale oric\u0103rui pasionat de g\u0103tit.<\/span><\/p>\n","protected":false},"excerpt":{"rendered":"<p><em><span>Tocator end grain, din lemn de stejar, food safe,dimensiuni 20\/25 cm<\/span><\/em><\/p>\n<p style=\"color: red;margin: 0 0 20px 0;\">V\u00e2ndut. Disponibil la comand\u0103.<\/p>\n","protected":false},"featured_media":6349,"template":"","meta":[],"product_cat":[39],"product_tag":[],"_links":{"self":[{"href":"https:\/\/woodengift.ro\/index.php?rest_route=\/wp\/v2\/product\/6150"}],"collection":[{"href":"https:\/\/woodengift.ro\/index.php?rest_route=\/wp\/v2\/product"}],"about":[{"href":"https:\/\/woodengift.ro\/index.php?rest_route=\/wp\/v2\/types\/product"}],"wp:featuredmedia":[{"embeddable":true,"href":"https:\/\/woodengift.ro\/index.php?rest_route=\/wp\/v2\/media\/6349"}],"wp:attachment":[{"href":"https:\/\/woodengift.ro\/index.php?rest_route=%2Fwp%2Fv2%2Fmedia&parent=6150"}],"wp:term":[{"taxonomy":"product_cat","embeddable":true,"href":"https:\/\/woodengift.ro\/index.php?rest_route=%2Fwp%2Fv2%2Fproduct_cat&post=6150"},{"taxonomy":"product_tag","embeddable":true,"href":"https:\/\/woodengift.ro\/index.php?rest_route=%2Fwp%2Fv2%2Fproduct_tag&post=6150"}],"curies":[{"name":"wp","href":"https:\/\/api.w.org\/{rel}","templated":true}]}}