{"id":6151,"date":"2018-04-01T02:01:45","date_gmt":"2018-03-31T23:01:45","guid":{"rendered":"http:\/\/woodengift.ro\/?post_type=product&#038;p=6151"},"modified":"2022-03-20T04:55:33","modified_gmt":"2022-03-20T02:55:33","slug":"platou-traditional","status":"publish","type":"product","link":"https:\/\/woodengift.ro\/?product=platou-traditional","title":{"rendered":"Platou tradi\u021bional"},"content":{"rendered":"<p><span>Tradi\u021bional sut\u0103 la sut\u0103. Rom\u00e2nesc p\u00e2n\u0103 la fibra dur\u0103 de fag din care este f\u0103cut. Motivele populare rom\u00e2ne\u0219ti de pe acest platou de servire sunt f\u0103cute pentru a \u00eenso\u021bi ni\u0219te bucate tradi\u021bionale puse \u00een fa\u021ba musafirilor cu mult\u0103 voie bun\u0103 \u0219i cu ospitalitate. Rom\u00e2neasc\u0103.<\/span><\/p>\n","protected":false},"excerpt":{"rendered":"<p><em><span>Lemn de fag, inscriptionat cu motive treditionale dimensiuni 40\/20 grosime 4 cm\u00a0<br \/>platou servire sau tocator carne<\/span><\/em><\/p>\n<p style=\"color: red;margin: 0 0 20px 0;\">V\u00e2ndut. Disponibil la comand\u0103.<\/p>\n","protected":false},"featured_media":6351,"template":"","meta":[],"product_cat":[39],"product_tag":[],"_links":{"self":[{"href":"https:\/\/woodengift.ro\/index.php?rest_route=\/wp\/v2\/product\/6151"}],"collection":[{"href":"https:\/\/woodengift.ro\/index.php?rest_route=\/wp\/v2\/product"}],"about":[{"href":"https:\/\/woodengift.ro\/index.php?rest_route=\/wp\/v2\/types\/product"}],"wp:featuredmedia":[{"embeddable":true,"href":"https:\/\/woodengift.ro\/index.php?rest_route=\/wp\/v2\/media\/6351"}],"wp:attachment":[{"href":"https:\/\/woodengift.ro\/index.php?rest_route=%2Fwp%2Fv2%2Fmedia&parent=6151"}],"wp:term":[{"taxonomy":"product_cat","embeddable":true,"href":"https:\/\/woodengift.ro\/index.php?rest_route=%2Fwp%2Fv2%2Fproduct_cat&post=6151"},{"taxonomy":"product_tag","embeddable":true,"href":"https:\/\/woodengift.ro\/index.php?rest_route=%2Fwp%2Fv2%2Fproduct_tag&post=6151"}],"curies":[{"name":"wp","href":"https:\/\/api.w.org\/{rel}","templated":true}]}}