{"id":6152,"date":"2018-04-01T02:02:32","date_gmt":"2018-03-31T23:02:32","guid":{"rendered":"http:\/\/woodengift.ro\/?post_type=product&#038;p=6152"},"modified":"2022-03-20T04:41:50","modified_gmt":"2022-03-20T02:41:50","slug":"veioza-1","status":"publish","type":"product","link":"https:\/\/woodengift.ro\/?product=veioza-1","title":{"rendered":"Veioz\u0103 1"},"content":{"rendered":"<p>Impun\u0103toare \u0219i totodat\u0103 fermec\u0103toare, veioza realizat\u0103 din lemn de mahon \u0219i roti zim\u021bate ofer\u0103 o senza\u021bie neb\u0103nuit\u0103 de modernism rafinat ce poate influen\u021ba mult imaginea salonului sau dormitorului \u00een care este a\u0219ezat\u0103.<\/p>\n","protected":false},"excerpt":{"rendered":"<p><em>Veioza realizata din lemn de mahon, roti metalice zimtate,\u00a0bec tip led, 220 v<\/em><\/p>\n","protected":false},"featured_media":6432,"template":"","meta":[],"product_cat":[35],"product_tag":[],"_links":{"self":[{"href":"https:\/\/woodengift.ro\/index.php?rest_route=\/wp\/v2\/product\/6152"}],"collection":[{"href":"https:\/\/woodengift.ro\/index.php?rest_route=\/wp\/v2\/product"}],"about":[{"href":"https:\/\/woodengift.ro\/index.php?rest_route=\/wp\/v2\/types\/product"}],"wp:featuredmedia":[{"embeddable":true,"href":"https:\/\/woodengift.ro\/index.php?rest_route=\/wp\/v2\/media\/6432"}],"wp:attachment":[{"href":"https:\/\/woodengift.ro\/index.php?rest_route=%2Fwp%2Fv2%2Fmedia&parent=6152"}],"wp:term":[{"taxonomy":"product_cat","embeddable":true,"href":"https:\/\/woodengift.ro\/index.php?rest_route=%2Fwp%2Fv2%2Fproduct_cat&post=6152"},{"taxonomy":"product_tag","embeddable":true,"href":"https:\/\/woodengift.ro\/index.php?rest_route=%2Fwp%2Fv2%2Fproduct_tag&post=6152"}],"curies":[{"name":"wp","href":"https:\/\/api.w.org\/{rel}","templated":true}]}}