{"id":6153,"date":"2018-04-01T02:03:17","date_gmt":"2018-03-31T23:03:17","guid":{"rendered":"http:\/\/woodengift.ro\/?post_type=product&#038;p=6153"},"modified":"2022-03-20T04:41:45","modified_gmt":"2022-03-20T02:41:45","slug":"veioza-2","status":"publish","type":"product","link":"https:\/\/woodengift.ro\/?product=veioza-2","title":{"rendered":"Veioz\u0103 2"},"content":{"rendered":"<p>Vigoarea fibrei de salc\u00e2m combinat\u0103 cu c\u0103r\u0103miziul lemnului de vi\u0219in. Tratament care pune lemnul \u00een valoare \u0219i un abajur de o elegan\u021b\u0103 simpl\u0103. Veioza perfect\u0103 pentru lecturi la ceas de sear\u0103.<\/p>\n","protected":false},"excerpt":{"rendered":"<p><em>Veioza realizata di lemn de salcam si visin<\/em><\/p>\n","protected":false},"featured_media":6260,"template":"","meta":[],"product_cat":[35],"product_tag":[],"_links":{"self":[{"href":"https:\/\/woodengift.ro\/index.php?rest_route=\/wp\/v2\/product\/6153"}],"collection":[{"href":"https:\/\/woodengift.ro\/index.php?rest_route=\/wp\/v2\/product"}],"about":[{"href":"https:\/\/woodengift.ro\/index.php?rest_route=\/wp\/v2\/types\/product"}],"wp:featuredmedia":[{"embeddable":true,"href":"https:\/\/woodengift.ro\/index.php?rest_route=\/wp\/v2\/media\/6260"}],"wp:attachment":[{"href":"https:\/\/woodengift.ro\/index.php?rest_route=%2Fwp%2Fv2%2Fmedia&parent=6153"}],"wp:term":[{"taxonomy":"product_cat","embeddable":true,"href":"https:\/\/woodengift.ro\/index.php?rest_route=%2Fwp%2Fv2%2Fproduct_cat&post=6153"},{"taxonomy":"product_tag","embeddable":true,"href":"https:\/\/woodengift.ro\/index.php?rest_route=%2Fwp%2Fv2%2Fproduct_tag&post=6153"}],"curies":[{"name":"wp","href":"https:\/\/api.w.org\/{rel}","templated":true}]}}