{"id":6154,"date":"2018-04-01T02:04:28","date_gmt":"2018-03-31T23:04:28","guid":{"rendered":"http:\/\/woodengift.ro\/?post_type=product&#038;p=6154"},"modified":"2022-03-20T04:41:35","modified_gmt":"2022-03-20T02:41:35","slug":"veioza-3","status":"publish","type":"product","link":"https:\/\/woodengift.ro\/?product=veioza-3","title":{"rendered":"Veioz\u0103 3"},"content":{"rendered":"<p>Cine oare ar putea trece indiferent pe l\u00e2ng\u0103 ea. Veioz\u0103? Sculptur\u0103 modern\u0103? O combina\u021bie nebun\u0103 \u00eentre vigurosul lemn de nuc, piese auto \u0219i de biciclet\u0103. Un lucru e clar, obiectul \u0103sta n\u0103scocit de m\u00e2ini dibace, devine un star \u00een \u00eenc\u0103perea \u00een care este expus.<\/p>\n","protected":false},"excerpt":{"rendered":"<p><em>Veioza realizata din lemn de nuc si diverse piese auto si bicicleta, alimentare 220 v<\/em><\/p>\n","protected":false},"featured_media":6261,"template":"","meta":[],"product_cat":[35],"product_tag":[],"_links":{"self":[{"href":"https:\/\/woodengift.ro\/index.php?rest_route=\/wp\/v2\/product\/6154"}],"collection":[{"href":"https:\/\/woodengift.ro\/index.php?rest_route=\/wp\/v2\/product"}],"about":[{"href":"https:\/\/woodengift.ro\/index.php?rest_route=\/wp\/v2\/types\/product"}],"wp:featuredmedia":[{"embeddable":true,"href":"https:\/\/woodengift.ro\/index.php?rest_route=\/wp\/v2\/media\/6261"}],"wp:attachment":[{"href":"https:\/\/woodengift.ro\/index.php?rest_route=%2Fwp%2Fv2%2Fmedia&parent=6154"}],"wp:term":[{"taxonomy":"product_cat","embeddable":true,"href":"https:\/\/woodengift.ro\/index.php?rest_route=%2Fwp%2Fv2%2Fproduct_cat&post=6154"},{"taxonomy":"product_tag","embeddable":true,"href":"https:\/\/woodengift.ro\/index.php?rest_route=%2Fwp%2Fv2%2Fproduct_tag&post=6154"}],"curies":[{"name":"wp","href":"https:\/\/api.w.org\/{rel}","templated":true}]}}