{"id":6565,"date":"2018-09-05T00:18:38","date_gmt":"2018-09-04T21:18:38","guid":{"rendered":"https:\/\/woodengift.ro\/?post_type=product&#038;p=6565"},"modified":"2022-03-20T04:24:43","modified_gmt":"2022-03-20T02:24:43","slug":"decoratiune-mamut","status":"publish","type":"product","link":"https:\/\/woodengift.ro\/?product=decoratiune-mamut","title":{"rendered":"Decora\u021biune &#8220;Mamutul&#8221;"},"content":{"rendered":"","protected":false},"excerpt":{"rendered":"<p>este realizat\u0103 din lemn de salc\u00e2m iar rama este realizat\u0103 din lemn de nuc, executat\u0103 manual<\/p>\n<div>dimensiuni 48\/37\/ 8cm<\/div>\n<div>decorul este realizat din licheni naturali stabiliza\u021bi, nu necesit\u0103 \u00eentre\u021binere, durata medie de viat\u0103 \u00eentre 10 \u0219i 15 ani<\/div>\n","protected":false},"featured_media":6562,"template":"","meta":[],"product_cat":[56],"product_tag":[],"_links":{"self":[{"href":"https:\/\/woodengift.ro\/index.php?rest_route=\/wp\/v2\/product\/6565"}],"collection":[{"href":"https:\/\/woodengift.ro\/index.php?rest_route=\/wp\/v2\/product"}],"about":[{"href":"https:\/\/woodengift.ro\/index.php?rest_route=\/wp\/v2\/types\/product"}],"wp:featuredmedia":[{"embeddable":true,"href":"https:\/\/woodengift.ro\/index.php?rest_route=\/wp\/v2\/media\/6562"}],"wp:attachment":[{"href":"https:\/\/woodengift.ro\/index.php?rest_route=%2Fwp%2Fv2%2Fmedia&parent=6565"}],"wp:term":[{"taxonomy":"product_cat","embeddable":true,"href":"https:\/\/woodengift.ro\/index.php?rest_route=%2Fwp%2Fv2%2Fproduct_cat&post=6565"},{"taxonomy":"product_tag","embeddable":true,"href":"https:\/\/woodengift.ro\/index.php?rest_route=%2Fwp%2Fv2%2Fproduct_tag&post=6565"}],"curies":[{"name":"wp","href":"https:\/\/api.w.org\/{rel}","templated":true}]}}